{"id":2,"date":"2019-09-17T08:18:34","date_gmt":"2019-09-17T08:18:34","guid":{"rendered":"https:\/\/hhk3.kau.se\/cehe\/?page_id=2"},"modified":"2019-09-23T12:00:14","modified_gmt":"2019-09-23T12:00:14","slug":"min-blogg","status":"publish","type":"page","link":"https:\/\/hhk3.kau.se\/cehe\/min-blogg\/","title":{"rendered":"Min blogg \/ My blog"},"content":{"rendered":"<p>2019-09-17: Nyss p\u00e5b\u00f6rjat denna blogg. F\u00e5r ber\u00e4tta mer om dess inneb\u00f6rd n\u00e4r jag sj\u00e4lv vet mer.<\/p>\n<p>&nbsp;<\/p>\n<p>Recently started this blog. I&#8217;ll give you more information in the coming weeks.<\/p>\n","protected":false},"excerpt":{"rendered":"<p>2019-09-17: Nyss p\u00e5b\u00f6rjat denna blogg. F\u00e5r ber\u00e4tta mer om dess inneb\u00f6rd n\u00e4r jag sj\u00e4lv vet mer. &nbsp; Recently started this blog. I&#8217;ll give you more information in the coming weeks.<\/p>\n","protected":false},"author":799,"featured_media":0,"parent":0,"menu_order":0,"comment_status":"closed","ping_status":"open","template":"","meta":{"footnotes":""},"class_list":["post-2","page","type-page","status-publish","hentry"],"_links":{"self":[{"href":"https:\/\/hhk3.kau.se\/cehe\/wp-json\/wp\/v2\/pages\/2","targetHints":{"allow":["GET"]}}],"collection":[{"href":"https:\/\/hhk3.kau.se\/cehe\/wp-json\/wp\/v2\/pages"}],"about":[{"href":"https:\/\/hhk3.kau.se\/cehe\/wp-json\/wp\/v2\/types\/page"}],"author":[{"embeddable":true,"href":"https:\/\/hhk3.kau.se\/cehe\/wp-json\/wp\/v2\/users\/799"}],"replies":[{"embeddable":true,"href":"https:\/\/hhk3.kau.se\/cehe\/wp-json\/wp\/v2\/comments?post=2"}],"version-history":[{"count":4,"href":"https:\/\/hhk3.kau.se\/cehe\/wp-json\/wp\/v2\/pages\/2\/revisions"}],"predecessor-version":[{"id":72,"href":"https:\/\/hhk3.kau.se\/cehe\/wp-json\/wp\/v2\/pages\/2\/revisions\/72"}],"wp:attachment":[{"href":"https:\/\/hhk3.kau.se\/cehe\/wp-json\/wp\/v2\/media?parent=2"}],"curies":[{"name":"wp","href":"https:\/\/api.w.org\/{rel}","templated":true}]}}