{"id":460,"date":"2019-02-27T14:51:11","date_gmt":"2019-02-27T13:51:11","guid":{"rendered":"https:\/\/hhk3.kau.se\/dpp\/?page_id=460"},"modified":"2022-01-16T13:48:04","modified_gmt":"2022-01-16T12:48:04","slug":"week-2","status":"publish","type":"page","link":"https:\/\/hhk3.kau.se\/dpp\/modules\/module-2-data-center-networking-and-load-balancing\/week-2\/","title":{"rendered":"Module 2 &#8211; Datacenter Networking and Load Balancing (DVAD42) &#8211; Week 2"},"content":{"rendered":"<p>Welcome to module 2: March 14 \u2013 April 24, 2022<\/p>\n<h2>Learning Outcomes &#8211; Datacenter Networking and Load Balancing (DVAD42)<\/h2>\n<p>March 14 \u2013 April 24, 2022<\/p>\n<p>During the following six weeks, the focus will be on applying data plane programming and P4 to data center networks and network layer load balancing. You will both read about theoretical aspects of load balancing inside data center networks and practically learn how to implement them in P4. This will help you to generate new ideas\u00a0in how to apply P4 to create advanced data center loadbalancing\u00a0solutions.<\/p>\n<h2>Week 2: 21\/3-27\/3\/2022<\/h2>\n<div class=\"entry-content\">\n<div class=\"discussion-section message_wrapper\">\n<h3>Read the articles<\/h3>\n<p>The following scientific articles will be discussed in the second week:<\/p>\n<ol>\n<li>A. Shivaraman et. al.: <a href=\"https:\/\/scholar.google.com\/scholar?hl=en&amp;as_sdt=0%2C5&amp;q=DC.p4%3A+Programming+the+Forwarding+Plane+of+a+Data-Center+Switch&amp;btnG=\">DC.p4: Programming the Forwarding Plane of a Data-Center Switch<\/a><\/li>\n<\/ol>\n<p><a href=\"https:\/\/hhk3.kau.se\/dpp\/how-to-find-articles-and-literature\/\">Click here<\/a> to get information about how to find and acquire the articles.<br \/>\nAdditional reading (for interested) can be found in the following quite extensive and actively updated reading list maintained by\u00a0Roberto Bifulco, Stefan Schmid and G\u00e1bor R\u00e9tv\u00e1ri<br \/>\n<a href=\"https:\/\/rg0now.github.io\/prog_dataplane_reading_list\/README.html\">https:\/\/rg0now.github.io\/prog_dataplane_reading_list\/README.html<\/a><\/p>\n<h3>Watch the videos<\/h3>\n<p><strong>DC.p4: Programming the Forwarding Plane of a Data-Center Switch<\/strong><\/p>\n<p><iframe loading=\"lazy\" title=\"DC.p4: Programming the Forwarding Plane of a Data-Center Switch, SOSR 2015\" width=\"500\" height=\"281\" src=\"https:\/\/www.youtube.com\/embed\/fAEVYQH2BKA?feature=oembed\" frameborder=\"0\" allow=\"accelerometer; autoplay; clipboard-write; encrypted-media; gyroscope; picture-in-picture; web-share\" referrerpolicy=\"strict-origin-when-cross-origin\" allowfullscreen><\/iframe><\/p>\n<h3>Assignment<\/h3>\n<p>Take the <a href=\"https:\/\/kau.instructure.com\/courses\/13659\/quizzes\/10393\">DC.p4 practice Quizz on<\/a> Canvas<\/p>\n<\/div>\n<\/div>\n","protected":false},"excerpt":{"rendered":"<p>Welcome to module 2: March 14 \u2013 April 24, 2022 Learning Outcomes &#8211; Datacenter Networking and Load Balancing (DVAD42) March 14 \u2013 April 24, 2022 During the following six weeks, the focus will be on applying data plane programming and P4 to data center networks and network layer load balancing. You will both read about [&hellip;]<\/p>\n","protected":false},"author":347,"featured_media":0,"parent":140,"menu_order":0,"comment_status":"closed","ping_status":"closed","template":"","meta":{"footnotes":""},"class_list":["post-460","page","type-page","status-publish","hentry"],"_links":{"self":[{"href":"https:\/\/hhk3.kau.se\/dpp\/wp-json\/wp\/v2\/pages\/460","targetHints":{"allow":["GET"]}}],"collection":[{"href":"https:\/\/hhk3.kau.se\/dpp\/wp-json\/wp\/v2\/pages"}],"about":[{"href":"https:\/\/hhk3.kau.se\/dpp\/wp-json\/wp\/v2\/types\/page"}],"author":[{"embeddable":true,"href":"https:\/\/hhk3.kau.se\/dpp\/wp-json\/wp\/v2\/users\/347"}],"replies":[{"embeddable":true,"href":"https:\/\/hhk3.kau.se\/dpp\/wp-json\/wp\/v2\/comments?post=460"}],"version-history":[{"count":10,"href":"https:\/\/hhk3.kau.se\/dpp\/wp-json\/wp\/v2\/pages\/460\/revisions"}],"predecessor-version":[{"id":953,"href":"https:\/\/hhk3.kau.se\/dpp\/wp-json\/wp\/v2\/pages\/460\/revisions\/953"}],"up":[{"embeddable":true,"href":"https:\/\/hhk3.kau.se\/dpp\/wp-json\/wp\/v2\/pages\/140"}],"wp:attachment":[{"href":"https:\/\/hhk3.kau.se\/dpp\/wp-json\/wp\/v2\/media?parent=460"}],"curies":[{"name":"wp","href":"https:\/\/api.w.org\/{rel}","templated":true}]}}