{"id":465,"date":"2019-02-27T14:54:10","date_gmt":"2019-02-27T13:54:10","guid":{"rendered":"https:\/\/hhk3.kau.se\/dpp\/?page_id=465"},"modified":"2022-03-09T08:04:01","modified_gmt":"2022-03-09T07:04:01","slug":"week-4","status":"publish","type":"page","link":"https:\/\/hhk3.kau.se\/dpp\/modules\/module-2-data-center-networking-and-load-balancing\/week-4\/","title":{"rendered":"Module 2 &#8211; Datacenter Networking and Load Balancing (DVAD42) &#8211; Week 4"},"content":{"rendered":"<p>Welcome to module 2: March 14 \u2013 April 24, 2022<\/p>\n<h2>Learning Outcomes &#8211; Datacenter Networking and Load Balancing (DVAD42)<\/h2>\n<p>March 14 \u2013 April 24, 2022<\/p>\n<p>During the following six weeks, the focus will be on applying data plane programming and P4 to data center networks and network layer load balancing. You will both read about theoretical aspects of load balancing inside data center networks and practically learn how to implement them in P4. This will help you to generate new ideas\u00a0in how to apply P4 to create advanced data center loadbalancing\u00a0solutions.<\/p>\n<h2>Week 4: 4\/4-10\/4\/2022<\/h2>\n<div class=\"entry-content\">\n<div class=\"discussion-section message_wrapper\">\n<h3>Read the articles<\/h3>\n<p>The following scientific articles will be discussed in this week.<\/p>\n<ol>\n<li>M. Alizadeh et. al.: <a href=\"https:\/\/scholar.google.se\/scholar?hl=en&amp;as_sdt=0%2C5&amp;q=CONGA%3A+Distributed+Congestion-Aware+Load+Balancing+for+Datacenters&amp;btnG=\">CONGA: Distributed Congestion-Aware Load Balancing for Datacenters<\/a><\/li>\n<\/ol>\n<p><a href=\"https:\/\/hhk3.kau.se\/dpp\/how-to-find-articles-and-literature\/\">Click here<\/a> to get information about how to find and acquire the articles.<br \/>\nAdditional reading (for interested) can be found in the following quite extensive and actively updated reading list maintained by\u00a0Roberto Bifulco, Stefan Schmid and G\u00e1bor R\u00e9tv\u00e1ri<br \/>\n<a href=\"https:\/\/rg0now.github.io\/prog_dataplane_reading_list\/README.html\">https:\/\/rg0now.github.io\/prog_dataplane_reading_list\/README.html<\/a><\/p>\n<h3>Watch the videos<\/h3>\n<p><strong>CONGA: Distributed Congestion-Aware Load Balancing for Datacenters<\/strong><\/p>\n<p><iframe loading=\"lazy\" title=\"CONGA: Distributed Congestion-Aware Load Balancing for Datacentes\" width=\"500\" height=\"281\" src=\"https:\/\/www.youtube.com\/embed\/YcE2UrTShZQ?feature=oembed\" frameborder=\"0\" allow=\"accelerometer; autoplay; clipboard-write; encrypted-media; gyroscope; picture-in-picture; web-share\" referrerpolicy=\"strict-origin-when-cross-origin\" allowfullscreen><\/iframe><\/p>\n<h3>P4 Lab Exercise<\/h3>\n<p>If not done so, finish your ECMP exercise from last week.. You find <a href=\"https:\/\/git.cse.kau.se\/courses\/dvad40\/vt19\/tree\/master\/P4lab\/exercises\/load_balance\">more information on the GIT<\/a>.<\/p>\n<h3>Quizz<\/h3>\n<p>Find the Quizz for <a href=\"https:\/\/kau.instructure.com\/courses\/13659\/quizzes\/10397\">Week 3 and 4 on Canvas<\/a>.<\/p>\n<\/div>\n<\/div>\n","protected":false},"excerpt":{"rendered":"<p>Welcome to module 2: March 14 \u2013 April 24, 2022 Learning Outcomes &#8211; Datacenter Networking and Load Balancing (DVAD42) March 14 \u2013 April 24, 2022 During the following six weeks, the focus will be on applying data plane programming and P4 to data center networks and network layer load balancing. You will both read about [&hellip;]<\/p>\n","protected":false},"author":347,"featured_media":0,"parent":140,"menu_order":0,"comment_status":"closed","ping_status":"closed","template":"","meta":{"footnotes":""},"class_list":["post-465","page","type-page","status-publish","hentry"],"_links":{"self":[{"href":"https:\/\/hhk3.kau.se\/dpp\/wp-json\/wp\/v2\/pages\/465","targetHints":{"allow":["GET"]}}],"collection":[{"href":"https:\/\/hhk3.kau.se\/dpp\/wp-json\/wp\/v2\/pages"}],"about":[{"href":"https:\/\/hhk3.kau.se\/dpp\/wp-json\/wp\/v2\/types\/page"}],"author":[{"embeddable":true,"href":"https:\/\/hhk3.kau.se\/dpp\/wp-json\/wp\/v2\/users\/347"}],"replies":[{"embeddable":true,"href":"https:\/\/hhk3.kau.se\/dpp\/wp-json\/wp\/v2\/comments?post=465"}],"version-history":[{"count":14,"href":"https:\/\/hhk3.kau.se\/dpp\/wp-json\/wp\/v2\/pages\/465\/revisions"}],"predecessor-version":[{"id":987,"href":"https:\/\/hhk3.kau.se\/dpp\/wp-json\/wp\/v2\/pages\/465\/revisions\/987"}],"up":[{"embeddable":true,"href":"https:\/\/hhk3.kau.se\/dpp\/wp-json\/wp\/v2\/pages\/140"}],"wp:attachment":[{"href":"https:\/\/hhk3.kau.se\/dpp\/wp-json\/wp\/v2\/media?parent=465"}],"curies":[{"name":"wp","href":"https:\/\/api.w.org\/{rel}","templated":true}]}}