{"id":544,"date":"2019-04-15T17:30:44","date_gmt":"2019-04-15T16:30:44","guid":{"rendered":"https:\/\/hhk3.kau.se\/dpp\/?page_id=544"},"modified":"2022-01-16T15:31:55","modified_gmt":"2022-01-16T14:31:55","slug":"week-5","status":"publish","type":"page","link":"https:\/\/hhk3.kau.se\/dpp\/modules\/module-3-in-network-monitoring-caching-and-control\/week-5\/","title":{"rendered":"Module 3 &#8211; In Network  Monitoring, Caching and Control (DVAD43) &#8211; Week 5"},"content":{"rendered":"<h2>Learning Outcomes for Module 3 &#8211; In Network Monitoring, Caching and Control (DVAD43)<\/h2>\n<p>April 25 \u2013 June 5, 2022<\/p>\n<p>During the last six weeks, the focus will be on applying data plane programming and P4 to advanced network monitoring, network caching and network based control. You will both read about theoretical aspects of network monitoring P4 and practically learn how to implement them in P4. This will help you to generate new ideas\u00a0in how to apply P4 to create advanced network monitoring solutions using programmable data planes.<\/p>\n<h2>Week 5: 23\/05-29\/05\/2022<\/h2>\n<h3>Participate in the Webinar<\/h3>\n<p>Time: Monday, May 23th at 17.00-18.30 CET<\/p>\n<ul>\n<li>In this weeks webinar we will introduce you how you can trigger programmable control actions from within the dataplane. In order to participate, simply click the following link and enter your name. You might be required to install the program<\/li>\n<li>Zoom: <a href=\"https:\/\/kau-se.zoom.us\/j\/66276262445\">https:\/\/kau-se.zoom.us\/j\/66276262445<\/a><\/li>\n<li>Learn more <a href=\"https:\/\/hhk3.kau.se\/dpp\/about-the-course-2\/tools-and-platforms\/\">how to participate in the webinar<\/a>.<\/li>\n<li><a href=\"https:\/\/hhk3.kau.se\/dpp\/wp-content\/uploads\/sites\/19\/2021\/05\/Module3-Monitoring-Cache-Control-Webinar3-min.pdf\"><strong>View the Slides<\/strong><\/a>\u00a0presented at the Webinar.<\/li>\n<li>View the Webinar <a href=\"https:\/\/kauplay.kau.se\/media\/t\/0_o3dpaa6m\">Recording<\/a>.<\/li>\n<\/ul>\n<div class=\"entry-content\">\n<div class=\"discussion-section message_wrapper\">\n<h3>Read the articles<\/h3>\n<p>The following scientific article will be discussed in this week:<\/p>\n<ol>\n<li>J. Vestin et. al.: T<a href=\"https:\/\/scholar.google.com\/scholar?hl=en&amp;as_sdt=0%2C5&amp;q=Towards+In-Network+Event+Detection+and+Filtering+for+Publish%2FSubscribe+Communication+using+Programmable+Data+Planes&amp;btnG=\">owards In-Network Event Detection and Filtering for Publish\/Subscribe Communication using Programmable Data Planes<\/a><\/li>\n<li>T. Kohler et. al.: <a href=\"https:\/\/arxiv.org\/abs\/1806.04385\">P4CEP: Towards In-Network Complex Event Processing<\/a><\/li>\n<\/ol>\n<p><a href=\"https:\/\/hhk3.kau.se\/dpp\/how-to-find-articles-and-literature\/\">Click here<\/a> to get information about how to find and acquire the articles.<br \/>Additional reading (for interested) can be found in the following quite extensive and actively updated reading list maintained by\u00a0Roberto Bifulco, Stefan Schmid and G\u00e1bor R\u00e9tv\u00e1ri<br \/><a href=\"https:\/\/rg0now.github.io\/prog_dataplane_reading_list\/README.html\">https:\/\/rg0now.github.io\/prog_dataplane_reading_list\/README.html<\/a><\/p>\n<h3>Watch the video<\/h3>\n<p><strong>T. Kohler et. al.: P4CEP: Towards In-Network Complex Event Processing<\/strong><\/p>\n<p><iframe loading=\"lazy\" title=\"NetCompute Workshop at ACM SIGCOMM 2018: Session II on Computational Switching\" width=\"500\" height=\"281\" src=\"https:\/\/www.youtube.com\/embed\/V6SYMyeXjjc?start=4554&#038;feature=oembed\" frameborder=\"0\" allow=\"accelerometer; autoplay; clipboard-write; encrypted-media; gyroscope; picture-in-picture; web-share\" referrerpolicy=\"strict-origin-when-cross-origin\" allowfullscreen><\/iframe><\/p>\n<h3>Assignment<\/h3>\n<p>Start to work on Course Module Assignment, see <a href=\"https:\/\/kau.instructure.com\/courses\/13659\/assignments\/71540\">Canvas<\/a>. Also finish the MRI assignment from previous weeks.<\/p>\n<\/div>\n<\/div>\n\n\n<p><\/p>\n","protected":false},"excerpt":{"rendered":"<p>Learning Outcomes for Module 3 &#8211; In Network Monitoring, Caching and Control (DVAD43) April 25 \u2013 June 5, 2022 During the last six weeks, the focus will be on applying data plane programming and P4 to advanced network monitoring, network caching and network based control. You will both read about theoretical aspects of network monitoring [&hellip;]<\/p>\n","protected":false},"author":347,"featured_media":0,"parent":141,"menu_order":0,"comment_status":"closed","ping_status":"closed","template":"","meta":{"footnotes":""},"class_list":["post-544","page","type-page","status-publish","hentry"],"_links":{"self":[{"href":"https:\/\/hhk3.kau.se\/dpp\/wp-json\/wp\/v2\/pages\/544","targetHints":{"allow":["GET"]}}],"collection":[{"href":"https:\/\/hhk3.kau.se\/dpp\/wp-json\/wp\/v2\/pages"}],"about":[{"href":"https:\/\/hhk3.kau.se\/dpp\/wp-json\/wp\/v2\/types\/page"}],"author":[{"embeddable":true,"href":"https:\/\/hhk3.kau.se\/dpp\/wp-json\/wp\/v2\/users\/347"}],"replies":[{"embeddable":true,"href":"https:\/\/hhk3.kau.se\/dpp\/wp-json\/wp\/v2\/comments?post=544"}],"version-history":[{"count":31,"href":"https:\/\/hhk3.kau.se\/dpp\/wp-json\/wp\/v2\/pages\/544\/revisions"}],"predecessor-version":[{"id":972,"href":"https:\/\/hhk3.kau.se\/dpp\/wp-json\/wp\/v2\/pages\/544\/revisions\/972"}],"up":[{"embeddable":true,"href":"https:\/\/hhk3.kau.se\/dpp\/wp-json\/wp\/v2\/pages\/141"}],"wp:attachment":[{"href":"https:\/\/hhk3.kau.se\/dpp\/wp-json\/wp\/v2\/media?parent=544"}],"curies":[{"name":"wp","href":"https:\/\/api.w.org\/{rel}","templated":true}]}}