{"id":43,"date":"2019-12-24T06:15:40","date_gmt":"2019-12-24T06:15:40","guid":{"rendered":"https:\/\/hhk3.kau.se\/hake\/?page_id=43"},"modified":"2019-12-24T08:02:13","modified_gmt":"2019-12-24T08:02:13","slug":"santas-christmas-phoneshop","status":"publish","type":"page","link":"https:\/\/hhk3.kau.se\/hake\/santas-christmas-phoneshop\/","title":{"rendered":"Santas Christmas Phoneshop"},"content":{"rendered":"<p>S\u00e5 h\u00e4r i juletid \u00e4r utbudet p\u00e5\u00a0Santas Christmas Phoneshop begr\u00e4nsat. Vi har ett erbjudande: \u201dK\u00f6p telefon &#8211; f\u00e5 mobilskal och f\u00f6rs\u00e4kring p\u00e5 k\u00f6pet\u201d Du hittar tillg\u00e4ngliga modeller nedan:<\/p>\n<p>\u2022 iPhone 11 Pro Midnattsgr\u00f6n 64 GB<\/p>\n<p><img loading=\"lazy\" decoding=\"async\" class=\"alignnone size-medium wp-image-45\" src=\"https:\/\/hhk3.kau.se\/hake\/wp-content\/uploads\/sites\/82\/2019\/12\/B4AAAE1D-02F0-4748-B5FD-011CD76624AB-300x300.png\" alt=\"\" width=\"300\" height=\"300\" srcset=\"https:\/\/hhk3.kau.se\/hake\/wp-content\/uploads\/sites\/82\/2019\/12\/B4AAAE1D-02F0-4748-B5FD-011CD76624AB-300x300.png 300w, https:\/\/hhk3.kau.se\/hake\/wp-content\/uploads\/sites\/82\/2019\/12\/B4AAAE1D-02F0-4748-B5FD-011CD76624AB-150x150.png 150w, https:\/\/hhk3.kau.se\/hake\/wp-content\/uploads\/sites\/82\/2019\/12\/B4AAAE1D-02F0-4748-B5FD-011CD76624AB.png 748w\" sizes=\"auto, (max-width: 300px) 100vw, 300px\" \/><\/p>\n<p>Pris 12.295 kr<\/p>\n","protected":false},"excerpt":{"rendered":"<p>S\u00e5 h\u00e4r i juletid \u00e4r utbudet p\u00e5\u00a0Santas Christmas Phoneshop begr\u00e4nsat. Vi har ett erbjudande: \u201dK\u00f6p telefon &#8211; f\u00e5 mobilskal och f\u00f6rs\u00e4kring p\u00e5 k\u00f6pet\u201d Du hittar tillg\u00e4ngliga modeller nedan: \u2022 iPhone 11 Pro Midnattsgr\u00f6n 64 GB Pris 12.295 kr<\/p>\n","protected":false},"author":862,"featured_media":0,"parent":0,"menu_order":0,"comment_status":"closed","ping_status":"closed","template":"","meta":{"footnotes":""},"class_list":["post-43","page","type-page","status-publish","hentry"],"_links":{"self":[{"href":"https:\/\/hhk3.kau.se\/hake\/wp-json\/wp\/v2\/pages\/43","targetHints":{"allow":["GET"]}}],"collection":[{"href":"https:\/\/hhk3.kau.se\/hake\/wp-json\/wp\/v2\/pages"}],"about":[{"href":"https:\/\/hhk3.kau.se\/hake\/wp-json\/wp\/v2\/types\/page"}],"author":[{"embeddable":true,"href":"https:\/\/hhk3.kau.se\/hake\/wp-json\/wp\/v2\/users\/862"}],"replies":[{"embeddable":true,"href":"https:\/\/hhk3.kau.se\/hake\/wp-json\/wp\/v2\/comments?post=43"}],"version-history":[{"count":4,"href":"https:\/\/hhk3.kau.se\/hake\/wp-json\/wp\/v2\/pages\/43\/revisions"}],"predecessor-version":[{"id":50,"href":"https:\/\/hhk3.kau.se\/hake\/wp-json\/wp\/v2\/pages\/43\/revisions\/50"}],"wp:attachment":[{"href":"https:\/\/hhk3.kau.se\/hake\/wp-json\/wp\/v2\/media?parent=43"}],"curies":[{"name":"wp","href":"https:\/\/api.w.org\/{rel}","templated":true}]}}