{"id":7,"date":"2019-09-05T05:30:09","date_gmt":"2019-09-05T05:30:09","guid":{"rendered":"https:\/\/hhk3.kau.se\/svar\/?page_id=7"},"modified":"2019-09-05T05:30:09","modified_gmt":"2019-09-05T05:30:09","slug":"svara-pa-en-enkat","status":"publish","type":"page","link":"https:\/\/hhk3.kau.se\/svar\/","title":{"rendered":"Svara p\u00e5 en enk\u00e4t"},"content":{"rendered":"<p>P\u00e5 denna sidan tillhandah\u00e5ller vi flera olika enk\u00e4ter som administreras via <a href=\"https:\/\/wordpress.org\/\" target=\"_blank\" rel=\"noopener\">WordPress<\/a> och enk\u00e4tverktyget <a href=\"https:\/\/www.gravityforms.com\/\" target=\"_blank\" rel=\"noopener\">GravityForms<\/a> som \u00e4r <a href=\"https:\/\/hhk3.kau.se\" target=\"_blank\" rel=\"noopener\">tillg\u00e4nglig f\u00f6r all personal och studenter<\/a>. All data sparas p\u00e5 servrar hos Karlstads universitet. Vid fr\u00e5gor <a href=\"https:\/\/www.kau.se\/om-universitetet\/om-karlstads-universitet\/vart-ansvar\/kompetensutveckling\" target=\"_blank\" rel=\"noopener\">kontakta den universitetspedagogiska enheten<\/a>.<\/p>\n","protected":false},"excerpt":{"rendered":"<p>P\u00e5 denna sidan tillhandah\u00e5ller vi flera olika enk\u00e4ter som administreras via WordPress och enk\u00e4tverktyget GravityForms som \u00e4r tillg\u00e4nglig f\u00f6r all personal och studenter. All data sparas p\u00e5 servrar hos Karlstads universitet. Vid fr\u00e5gor kontakta den universitetspedagogiska enheten. [&#8230;]<\/p>\n<p><a class=\"btn btn-secondary understrap-read-more-link\" href=\"https:\/\/hhk3.kau.se\/svar\/\">Read More&#8230;<span class=\"screen-reader-text\"> from Svara p\u00e5 en enk\u00e4t<\/span><\/a><\/p>\n","protected":false},"author":1,"featured_media":0,"parent":0,"menu_order":0,"comment_status":"closed","ping_status":"closed","template":"page-templates\/fullwidthpage.php","meta":{"footnotes":""},"class_list":["post-7","page","type-page","status-publish","hentry"],"_links":{"self":[{"href":"https:\/\/hhk3.kau.se\/svar\/wp-json\/wp\/v2\/pages\/7","targetHints":{"allow":["GET"]}}],"collection":[{"href":"https:\/\/hhk3.kau.se\/svar\/wp-json\/wp\/v2\/pages"}],"about":[{"href":"https:\/\/hhk3.kau.se\/svar\/wp-json\/wp\/v2\/types\/page"}],"author":[{"embeddable":true,"href":"https:\/\/hhk3.kau.se\/svar\/wp-json\/wp\/v2\/users\/1"}],"replies":[{"embeddable":true,"href":"https:\/\/hhk3.kau.se\/svar\/wp-json\/wp\/v2\/comments?post=7"}],"version-history":[{"count":1,"href":"https:\/\/hhk3.kau.se\/svar\/wp-json\/wp\/v2\/pages\/7\/revisions"}],"predecessor-version":[{"id":8,"href":"https:\/\/hhk3.kau.se\/svar\/wp-json\/wp\/v2\/pages\/7\/revisions\/8"}],"wp:attachment":[{"href":"https:\/\/hhk3.kau.se\/svar\/wp-json\/wp\/v2\/media?parent=7"}],"curies":[{"name":"wp","href":"https:\/\/api.w.org\/{rel}","templated":true}]}}